{"id":910,"date":"2024-10-14T20:26:57","date_gmt":"2024-10-14T17:26:57","guid":{"rendered":"https:\/\/daugavkrasts-m256.eu\/?page_id=910"},"modified":"2024-10-14T21:48:13","modified_gmt":"2024-10-14T18:48:13","slug":"iesniegums-par-iebrauksanas-un-stavesanas-atlaujas-iesniegsanu","status":"publish","type":"page","link":"https:\/\/daugavkrasts-m256.eu\/?page_id=910","title":{"rendered":"Iesniegums par iebrauk\u0161anas un st\u0101v\u0113\u0161anas at\u013caujas iesnieg\u0161anu"},"content":{"rendered":"<style id=\"wpforms-css-vars-root\">\n\t\t\t\t:root {\n\t\t\t\t\t--wpforms-field-border-radius: 3px;\n--wpforms-field-border-style: solid;\n--wpforms-field-border-size: 1px;\n--wpforms-field-background-color: #ffffff;\n--wpforms-field-border-color: rgba( 0, 0, 0, 0.25 );\n--wpforms-field-border-color-spare: rgba( 0, 0, 0, 0.25 );\n--wpforms-field-text-color: rgba( 0, 0, 0, 0.7 );\n--wpforms-field-menu-color: #ffffff;\n--wpforms-label-color: rgba( 0, 0, 0, 0.85 );\n--wpforms-label-sublabel-color: rgba( 0, 0, 0, 0.55 );\n--wpforms-label-error-color: #d63637;\n--wpforms-button-border-radius: 3px;\n--wpforms-button-border-style: none;\n--wpforms-button-border-size: 1px;\n--wpforms-button-background-color: #066aab;\n--wpforms-button-border-color: #066aab;\n--wpforms-button-text-color: #ffffff;\n--wpforms-page-break-color: #066aab;\n--wpforms-background-image: none;\n--wpforms-background-position: center center;\n--wpforms-background-repeat: no-repeat;\n--wpforms-background-size: cover;\n--wpforms-background-width: 100px;\n--wpforms-background-height: 100px;\n--wpforms-background-color: rgba( 0, 0, 0, 0 );\n--wpforms-background-url: none;\n--wpforms-container-padding: 0px;\n--wpforms-container-border-style: none;\n--wpforms-container-border-width: 1px;\n--wpforms-container-border-color: #000000;\n--wpforms-container-border-radius: 3px;\n--wpforms-field-size-input-height: 43px;\n--wpforms-field-size-input-spacing: 15px;\n--wpforms-field-size-font-size: 16px;\n--wpforms-field-size-line-height: 19px;\n--wpforms-field-size-padding-h: 14px;\n--wpforms-field-size-checkbox-size: 16px;\n--wpforms-field-size-sublabel-spacing: 5px;\n--wpforms-field-size-icon-size: 1;\n--wpforms-label-size-font-size: 16px;\n--wpforms-label-size-line-height: 19px;\n--wpforms-label-size-sublabel-font-size: 14px;\n--wpforms-label-size-sublabel-line-height: 17px;\n--wpforms-button-size-font-size: 17px;\n--wpforms-button-size-height: 41px;\n--wpforms-button-size-padding-h: 15px;\n--wpforms-button-size-margin-top: 10px;\n--wpforms-container-shadow-size-box-shadow: none;\n\n\t\t\t\t}\n\t\t\t<\/style><div class=\"wpforms-container wpforms-container-full wpforms-block wpforms-block-6f94e7a2-74dc-493f-a338-06bb02f97149 wpforms-render-modern\" id=\"wpforms-904\"><form id=\"wpforms-form-904\" class=\"wpforms-validate wpforms-form wpforms-ajax-form\" data-formid=\"904\" method=\"post\" enctype=\"multipart\/form-data\" action=\"\/index.php?rest_route=%2Fwp%2Fv2%2Fpages%2F910\" data-token=\"0cbeb5d3a2dde2a288bcf8e1f0a1e858\" data-token-time=\"1778651949\"><noscript class=\"wpforms-error-noscript\">\u0414\u043b\u044f \u0437\u0430\u043f\u043e\u043b\u043d\u0435\u043d\u0438\u044f \u0434\u0430\u043d\u043d\u043e\u0439 \u0444\u043e\u0440\u043c\u044b \u0432\u043a\u043b\u044e\u0447\u0438\u0442\u0435 JavaScript \u0432 \u0431\u0440\u0430\u0443\u0437\u0435\u0440\u0435.<\/noscript><div class=\"wpforms-hidden\" id=\"wpforms-error-noscript\">\u0414\u043b\u044f \u0437\u0430\u043f\u043e\u043b\u043d\u0435\u043d\u0438\u044f \u0434\u0430\u043d\u043d\u043e\u0439 \u0444\u043e\u0440\u043c\u044b \u0432\u043a\u043b\u044e\u0447\u0438\u0442\u0435 JavaScript \u0432 \u0431\u0440\u0430\u0443\u0437\u0435\u0440\u0435.<\/div><div class=\"wpforms-field-container\"><div id=\"wpforms-904-field_1-container\" class=\"wpforms-field wpforms-field-name\" data-field-id=\"1\"><label class=\"wpforms-field-label\" for=\"wpforms-904-field_1\">V\u0101rds Uzv\u0101rds <span class=\"wpforms-required-label\" aria-hidden=\"true\">*<\/span><\/label><input type=\"text\" id=\"wpforms-904-field_1\" class=\"wpforms-field-medium wpforms-field-required\" name=\"wpforms[fields][1]\" aria-errormessage=\"wpforms-904-field_1-error\" required><\/div><div id=\"wpforms-904-field_2-container\" class=\"wpforms-field wpforms-field-text\" data-field-id=\"2\"><label class=\"wpforms-field-label\" for=\"wpforms-904-field_2\">Dz\u012bvok\u013ca \u012bpa\u0161uma adrese <span class=\"wpforms-required-label\" aria-hidden=\"true\">*<\/span><\/label><input type=\"text\" id=\"wpforms-904-field_2\" class=\"wpforms-field-medium wpforms-field-required\" name=\"wpforms[fields][2]\" aria-errormessage=\"wpforms-904-field_2-error\" required><\/div><div id=\"wpforms-904-field_4-container\" class=\"wpforms-field wpforms-field-email\" data-field-id=\"4\"><label class=\"wpforms-field-label\" for=\"wpforms-904-field_4\">E-pasts: <span class=\"wpforms-required-label\" aria-hidden=\"true\">*<\/span><\/label><input type=\"email\" id=\"wpforms-904-field_4\" class=\"wpforms-field-medium wpforms-field-required\" name=\"wpforms[fields][4]\" spellcheck=\"false\" aria-errormessage=\"wpforms-904-field_4-error\" required><\/div><div id=\"wpforms-904-field_5-container\" class=\"wpforms-field wpforms-field-number\" data-field-id=\"5\"><label class=\"wpforms-field-label\" for=\"wpforms-904-field_5\">T\u0101lr.Nr.: <span class=\"wpforms-required-label\" aria-hidden=\"true\">*<\/span><\/label><input type=\"number\" id=\"wpforms-904-field_5\" class=\"wpforms-field-medium wpforms-field-required\" name=\"wpforms[fields][5]\" aria-errormessage=\"wpforms-904-field_5-error\" required><\/div><div id=\"wpforms-904-field_6-container\" class=\"wpforms-field wpforms-field-textarea\" data-field-id=\"6\"><label class=\"wpforms-field-label\" for=\"wpforms-904-field_6\">IESNIEGUMS <span class=\"wpforms-required-label\" aria-hidden=\"true\">*<\/span><\/label><textarea id=\"wpforms-904-field_6\" class=\"wpforms-field-medium wpforms-field-required\" name=\"wpforms[fields][6]\" aria-errormessage=\"wpforms-904-field_6-error\" aria-describedby=\"wpforms-904-field_6-description\" required><\/textarea><div id=\"wpforms-904-field_6-description\" class=\"wpforms-field-description\">L\u016bdzu izsniegt man iebrauk\u0161anas un st\u0101v\u0113\u0161anas at\u013cauju Dz\u012bvojam\u0101s m\u0101jas ________________________________ iel\u0101 ________, R\u012bg\u0101, piesaist\u012btaj\u0101 teritorij\u0101 man piedero\u0161ajam transporta l\u012bdzeklim<\/div><\/div><div id=\"wpforms-904-field_7-container\" class=\"wpforms-field wpforms-field-text\" data-field-id=\"7\"><label class=\"wpforms-field-label\" for=\"wpforms-904-field_7\">Marka: <span class=\"wpforms-required-label\" aria-hidden=\"true\">*<\/span><\/label><input type=\"text\" id=\"wpforms-904-field_7\" class=\"wpforms-field-medium wpforms-field-required\" name=\"wpforms[fields][7]\" aria-errormessage=\"wpforms-904-field_7-error\" required><\/div><div id=\"wpforms-904-field_8-container\" class=\"wpforms-field wpforms-field-text\" data-field-id=\"8\"><label class=\"wpforms-field-label\" for=\"wpforms-904-field_8\">Valsts re\u0123.Nr.: <span class=\"wpforms-required-label\" aria-hidden=\"true\">*<\/span><\/label><input type=\"text\" id=\"wpforms-904-field_8\" class=\"wpforms-field-medium wpforms-field-required\" name=\"wpforms[fields][8]\" aria-errormessage=\"wpforms-904-field_8-error\" required><\/div>\t\t<div id=\"wpforms-904-field_3-container\"\n\t\t\tclass=\"wpforms-field wpforms-field-text\"\n\t\t\tdata-field-type=\"text\"\n\t\t\tdata-field-id=\"3\"\n\t\t\t>\n\t\t\t<label class=\"wpforms-field-label\" for=\"wpforms-904-field_3\" >Dz\u012bvok\u013ca \u012bpa\u0161uma E-pasts:<\/label>\n\t\t\t<input type=\"text\" id=\"wpforms-904-field_3\" class=\"wpforms-field-medium\" name=\"wpforms[fields][3]\" >\n\t\t<\/div>\n\t\t<div id=\"wpforms-904-field_12-container\" class=\"wpforms-field wpforms-field-checkbox wpforms-list-inline\" data-field-id=\"12\"><fieldset><legend class=\"wpforms-field-label\">Piekri\u0161ana:<\/legend><ul id=\"wpforms-904-field_12\" class=\"wpforms-icon-choices wpforms-icon-choices-default wpforms-icon-choices-large\" style=\"--wpforms-icon-choices-color: #066aab;\"><li class=\"choice-1 depth-1 wpforms-icon-choices-item\"><label class=\"wpforms-field-label-inline\" for=\"wpforms-904-field_12_1\">\n\t\t\t\t<span class=\"wpforms-icon-choices-icon\">\n\t\t\t\t\t<svg xmlns=\"http:\/\/www.w3.org\/2000\/svg\" width=\"80\" height=\"64px\" viewBox=\"0 0 512 512\"><!--! Font Awesome Free 6.4.0 by @fontawesome - https:\/\/fontawesome.com License - https:\/\/fontawesome.com\/license\/free (Icons: CC BY 4.0, Fonts: SIL OFL 1.1, Code: MIT License) Copyright 2023 Fonticons, Inc. --><path d=\"M464 256A208 208 0 1 0 48 256a208 208 0 1 0 416 0zM0 256a256 256 0 1 1 512 0A256 256 0 1 1 0 256zm177.6 62.1C192.8 334.5 218.8 352 256 352s63.2-17.5 78.4-33.9c9-9.7 24.2-10.4 33.9-1.4s10.4 24.2 1.4 33.9c-22 23.8-60 49.4-113.6 49.4s-91.7-25.5-113.6-49.4c-9-9.7-8.4-24.9 1.4-33.9s24.9-8.4 33.9 1.4zM144.4 208a32 32 0 1 1 64 0 32 32 0 1 1 -64 0zm192-32a32 32 0 1 1 0 64 32 32 0 1 1 0-64z\"\/><\/svg>\n\t\t\t\t\t<span class=\"wpforms-icon-choices-icon-bg\"><\/span>\n\t\t\t\t<\/span>\n\t\t\t\t<input type=\"checkbox\" id=\"wpforms-904-field_12_1\" class=\"wpforms-screen-reader-element\" name=\"wpforms[fields][12][]\" value=\"Piekritu, ka st\u0101v\u0113\u0161anas at\u013cauja tiek izsniegta saska\u0146\u0101 ar Dz\u012bvojam\u0101s m\u0101jas Kop\u012bbas l\u0113mumu un SIA \u201eDaugavkrasts M-256\u201d noteikto izsnieg\u0161anas k\u0101rt\u012bbu. Piekritu apmaks\u0101t at\u013caujas izgatavo\u0161anas izdevumus, kas tiek pievienoti janv\u0101ra komun\u0101lajam r\u0113\u0137inam.\" aria-errormessage=\"wpforms-904-field_12_1-error\"  >\n\t\t\t\t<span class=\"wpforms-icon-choices-label\">Piekritu, ka st\u0101v\u0113\u0161anas at\u013cauja tiek izsniegta saska\u0146\u0101 ar Dz\u012bvojam\u0101s m\u0101jas Kop\u012bbas l\u0113mumu un SIA \u201eDaugavkrasts M-256\u201d noteikto izsnieg\u0161anas k\u0101rt\u012bbu. Piekritu apmaks\u0101t at\u013caujas izgatavo\u0161anas izdevumus, kas tiek pievienoti janv\u0101ra komun\u0101lajam r\u0113\u0137inam.<\/span>\n\t\t\t<\/label><\/li><\/ul><\/fieldset><\/div><script>\n\t\t\t\t( function() {\n\t\t\t\t\tconst style = document.createElement( 'style' );\n\n\t\t\t\t\tstyle.appendChild( document.createTextNode( '#wpforms-904-field_3-container { position: absolute !important; overflow: hidden !important; display: inline !important; height: 1px !important; width: 1px !important; z-index: -1000 !important; padding: 0 !important; } #wpforms-904-field_3-container input { visibility: hidden; } #wpforms-conversational-form-page #wpforms-904-field_3-container label { counter-increment: none; }' ) );\n\t\t\t\t\tdocument.head.appendChild( style );\n\t\t\t\t\tdocument.currentScript?.remove();\n\t\t\t\t} )();\n\t\t\t<\/script><\/div><!-- .wpforms-field-container --><div class=\"wpforms-submit-container\" ><input type=\"hidden\" name=\"wpforms[id]\" value=\"904\"><input type=\"hidden\" name=\"page_title\" value=\"\"><input type=\"hidden\" name=\"page_url\" value=\"https:\/\/daugavkrasts-m256.eu\/index.php?rest_route=%2Fwp%2Fv2%2Fpages%2F910\"><button type=\"submit\" name=\"wpforms[submit]\" id=\"wpforms-submit-904\" class=\"wpforms-submit\" data-alt-text=\"\u041e\u0442\u043f\u0440\u0430\u0432\u043a\u0430...\" data-submit-text=\"\u041e\u0442\u043f\u0440\u0430\u0432\u0438\u0442\u044c\" aria-live=\"assertive\" value=\"wpforms-submit\">\u041e\u0442\u043f\u0440\u0430\u0432\u0438\u0442\u044c<\/button><img decoding=\"async\" loading=\"lazy\" src=\"https:\/\/daugavkrasts-m256.eu\/wp-content\/plugins\/wpforms-lite\/assets\/images\/submit-spin.svg\" class=\"wpforms-submit-spinner\" style=\"display: none;\" width=\"26\" height=\"26\" alt=\"\u0417\u0430\u0433\u0440\u0443\u0437\u043a\u0430\"><\/div><\/form><\/div>  <!-- .wpforms-container -->","protected":false},"excerpt":{"rendered":"","protected":false},"author":1,"featured_media":0,"parent":0,"menu_order":0,"comment_status":"closed","ping_status":"closed","template":"","meta":{"footnotes":""},"featured_image_src":"","featured_image_src_square":false,"rbea_author_info":{"display_name":"Shuherman","author_link":"https:\/\/daugavkrasts-m256.eu\/?author=1"},"rbea_excerpt_info":null,"_links":{"self":[{"href":"https:\/\/daugavkrasts-m256.eu\/index.php?rest_route=\/wp\/v2\/pages\/910"}],"collection":[{"href":"https:\/\/daugavkrasts-m256.eu\/index.php?rest_route=\/wp\/v2\/pages"}],"about":[{"href":"https:\/\/daugavkrasts-m256.eu\/index.php?rest_route=\/wp\/v2\/types\/page"}],"author":[{"embeddable":true,"href":"https:\/\/daugavkrasts-m256.eu\/index.php?rest_route=\/wp\/v2\/users\/1"}],"replies":[{"embeddable":true,"href":"https:\/\/daugavkrasts-m256.eu\/index.php?rest_route=%2Fwp%2Fv2%2Fcomments&post=910"}],"version-history":[{"count":3,"href":"https:\/\/daugavkrasts-m256.eu\/index.php?rest_route=\/wp\/v2\/pages\/910\/revisions"}],"predecessor-version":[{"id":923,"href":"https:\/\/daugavkrasts-m256.eu\/index.php?rest_route=\/wp\/v2\/pages\/910\/revisions\/923"}],"wp:attachment":[{"href":"https:\/\/daugavkrasts-m256.eu\/index.php?rest_route=%2Fwp%2Fv2%2Fmedia&parent=910"}],"curies":[{"name":"wp","href":"https:\/\/api.w.org\/{rel}","templated":true}]}}