{"id":879,"date":"2024-10-03T16:11:32","date_gmt":"2024-10-03T13:11:32","guid":{"rendered":"https:\/\/daugavkrasts-m256.eu\/?page_id=879"},"modified":"2024-10-03T16:11:32","modified_gmt":"2024-10-03T13:11:32","slug":"daudzdzivoklu-majai-noteiktas-atsavinamas-zemes-izpirksanai","status":"publish","type":"page","link":"https:\/\/daugavkrasts-m256.eu\/?page_id=879","title":{"rendered":"Daudzdz\u012bvok\u013cu m\u0101jai noteikt\u0101s atsavin\u0101m\u0101s zemes izpirk\u0161anai"},"content":{"rendered":"\n<p>Aizdevums daudzdz\u012bvok\u013cu m\u0101jas dz\u012bvok\u013cu \u012bpa\u0161niekiem daudzdz\u012bvok\u013cu m\u0101jai <strong>noteikt\u0101s atsavin\u0101m\u0101s zemes izpirk\u0161anai <\/strong>jeb<strong> atsavin\u0101\u0161anas cenas samaksai.\u00a0<\/strong><\/p>\n\n\n\n<p><strong>Aizdevums<\/strong><\/p>\n\n\n\n<ul>\n<li>No 10 000 EUR<\/li>\n\n\n\n<li>L\u012bdz 20 gadiem<\/li>\n\n\n\n<li>Procentu likme ir fiks\u0113ta 2,9% gad\u0101 vai main\u012bga &#8212; 1,82% un Valsts kases aizdevuma valsts kapit\u0101lsabiedr\u012bb\u0101m main\u012bg\u0101 likme, kuru nosaka pie\u0161\u0137irot aizdevumu, un procentu likmes main\u012bg\u0101s da\u013cas &#8212; 6 (se\u0161u) m\u0113ne\u0161u EURIBOR<\/li>\n<\/ul>\n\n\n\n<p>2023. gada 23. maij\u0101 Ministru kabinets apstiprin\u0101ja <a href=\"https:\/\/likumi.lv\/ta\/id\/342121-grozijumi-ministru-kabineta-2021-gada-6-julija-noteikumos-nr-481-atbalsta-programmas-nosacijumi-buvdarbiem-daudzdzivoklu-majas-\">groz\u012bjumus Ministru kabineta 2021. gada 6. j\u016blija noteikumos Nr. 481 \u201cAtbalsta programmas nosac\u012bjumi b\u016bvdarbiem daudzdz\u012bvok\u013cu m\u0101j\u0101s, to teritoriju labiek\u0101rto\u0161anai un daudzdz\u012bvok\u013cu m\u0101j\u0101m noteikto atsavin\u0101mo zemju izpirk\u0161anai\u201d, <\/a>kas paredz veicin\u0101t finans\u0113juma pieejam\u012bbu tiem dz\u012bvojamo m\u0101ju \u012bpa\u0161niekiem (dz\u012bvok\u013cu \u012bpa\u0161niekiem), kuri v\u0113las izmantot Piespiedu dal\u012bt\u0101 \u012bpa\u0161uma privatiz\u0113taj\u0101s daudzdz\u012bvok\u013cu m\u0101j\u0101s izbeig\u0161anas likum\u0101 nostiprin\u0101to meh\u0101nismu, lai izbeigtu piespiedu dal\u012bto \u012bpa\u0161umu ar zemes \u012bpa\u0161nieku vai \u012bpa\u0161niekiem, bet kuriem nav pieejami savi br\u012bvie finan\u0161u l\u012bdzek\u013ci attiec\u012bg\u0101s atsavin\u0101\u0161anas cenas da\u013cas samaksai.<\/p>\n\n\n\n<p>Informat\u012bvie materi\u0101li par atsavin\u0101\u0161anas ties\u012bbu izmanto\u0161anas procesu pieejami <a href=\"https:\/\/www.tm.gov.lv\/lv\/dalita-ipasuma-izbeigsana-privatizetajas-daudzdzivoklu-majas\" target=\"_blank\" rel=\"noreferrer noopener\">Tieslietu ministrijas m\u0101jas lap\u0101 \u2013 te.<\/a> Tai skait\u0101, 2023.gada 13.oktobr\u012b notiku\u0161ais <a href=\"https:\/\/www.youtube.com\/watch?v=OS1tAc3Jlvg\">semin\u0101rs \u201cDal\u012bt\u0101 \u012bpa\u0161uma izbeig\u0161ana privatiz\u0113taj\u0101s daudzdz\u012bvok\u013cu m\u0101j\u0101s\u201d<\/a> un&nbsp; <a href=\"https:\/\/www.tm.gov.lv\/lv\/media\/15864\/download?attachment\" target=\"_blank\" rel=\"noreferrer noopener\">infografika \u2013 k\u0101 soli pa solim izbeigt dal\u012bto \u012bpa\u0161umu .<\/a><\/p>\n\n\n\n<p>Nodro\u0161in\u0101jums ir komerc\u0137\u012bla uz pras\u012bjuma ties\u012bb\u0101m pret dz\u012bvok\u013cu \u012bpa\u0161niekiem, kas izriet no dar\u012bjumiem starp pilnvaroto personu un dz\u012bvok\u013cu \u012bpa\u0161niekiem<\/p>\n\n\n\n<p><strong>Aizdevumam var pieteikties, ja:<\/strong><\/p>\n\n\n\n<ul>\n<li>Iedz\u012bvot\u0101ji ir nobalsoju\u0161i par atsavin\u0101m\u0101s zemes izpirk\u0161anas finans\u0113\u0161anu (l\u0113mums ir pie\u0146emts, ja \u201cpar\u201d nobalso dz\u012bvok\u013cu \u012bpa\u0161nieki, kuri p\u0101rst\u0101v vair\u0101k nek\u0101 pusi no visiem dz\u012bvok\u013cu \u012bpa\u0161umiem (50 % +1).&nbsp;<\/li>\n\n\n\n<li>Ir sa\u0146emts Valsts zemes dienesta pazi\u0146ojums par atsavin\u0101mo zemi un atsavin\u0101\u0161anas cenu<\/li>\n\n\n\n<li>Ir sagatavots Zv\u0113rin\u0101ta tiesu izpild\u012bt\u0101ja akts par atsavin\u0101\u0161anas ties\u012bbas izmanto\u0161anu<\/li>\n\n\n\n<li>M\u0101jas par\u0101dsaist\u012bbas par sa\u0146emtajiem pakalpojumiem (apsaimnieko\u0161ana, atkritumi, siltumapg\u0101de, \u016bdens u.c. pakalpojumi) ir maz\u0101ks par 10% no visu pakalpojumu r\u0113\u0137inu summas p\u0113d\u0113jo 12 m\u0113ne\u0161u laik\u0101<\/li>\n\n\n\n<li>Ir pamatota aizdevuma atmaks\u0101\u0161anas iesp\u0113ja<\/li>\n\n\n\n<li>Ir sa\u0146emts&nbsp;kred\u012btiest\u0101des atteikums aizdevuma pie\u0161\u0137ir\u0161anai<\/li>\n<\/ul>\n\n\n\n<p>Aizdevumam pieteikumu aizpildi&nbsp;<a href=\"https:\/\/mans.altum.lv\/\" target=\"_blank\" rel=\"noreferrer noopener\">mans.altum.lv<\/a>&nbsp;un pievieno nepiecie\u0161amos dokumentus.<\/p>\n\n\n\n<p>Atbalsts tiek sniegts k\u0101 de minimis atbalsts saska\u0146\u0101 ar 13.12.2023. Komisijas Regulu (ES) Nr.2023\/2831. Programmu regul\u0113jo\u0161ie 06.07.2021. MK noteikumi Nr.481. <a href=\"https:\/\/likumi.lv\/ta\/id\/324585-atbalsta-programmas-nosacijumi-buvdarbiem-daudzdzivoklu-majas-un-to-teritoriju-labiekartosanai?&amp;search=on\" target=\"_blank\" rel=\"noreferrer noopener\">Atbalsta programmas nosac\u012bjumi b\u016bvdarbiem daudzdz\u012bvok\u013cu m\u0101j\u0101s, to teritoriju labiek\u0101rto\u0161anai un daudzdz\u012bvok\u013cu m\u0101j\u0101m noteikto atsavin\u0101mo zemju izpirk\u0161anai<\/a><\/p>\n","protected":false},"excerpt":{"rendered":"<p>Aizdevums daudzdz\u012bvok\u013cu m\u0101jas dz\u012bvok\u013cu \u012bpa\u0161niekiem daudzdz\u012bvok\u013cu m\u0101jai noteikt\u0101s atsavin\u0101m\u0101s zemes izpirk\u0161anai jeb atsavin\u0101\u0161anas cenas samaksai.\u00a0 Aizdevums 2023. gada 23. maij\u0101 Ministru kabinets apstiprin\u0101ja groz\u012bjumus Ministru kabineta 2021. gada 6. j\u016blija noteikumos Nr. 481 \u201cAtbalsta programmas nosac\u012bjumi b\u016bvdarbiem daudzdz\u012bvok\u013cu m\u0101j\u0101s, to teritoriju labiek\u0101rto\u0161anai un daudzdz\u012bvok\u013cu m\u0101j\u0101m noteikto atsavin\u0101mo zemju izpirk\u0161anai\u201d, kas paredz veicin\u0101t finans\u0113juma pieejam\u012bbu tiem [&hellip;]<\/p>\n","protected":false},"author":1,"featured_media":0,"parent":0,"menu_order":0,"comment_status":"closed","ping_status":"closed","template":"","meta":{"footnotes":""},"featured_image_src":"","featured_image_src_square":false,"rbea_author_info":{"display_name":"Shuherman","author_link":"https:\/\/daugavkrasts-m256.eu\/?author=1"},"rbea_excerpt_info":"Aizdevums daudzdz\u012bvok\u013cu m\u0101jas dz\u012bvok\u013cu \u012bpa\u0161niekiem daudzdz\u012bvok\u013cu m\u0101jai noteikt\u0101s atsavin\u0101m\u0101s zemes izpirk\u0161anai jeb atsavin\u0101\u0161anas cenas samaksai.\u00a0 Aizdevums 2023. gada 23. maij\u0101 Ministru kabinets apstiprin\u0101ja groz\u012bjumus Ministru kabineta 2021. gada 6. j\u016blija noteikumos Nr. 481 \u201cAtbalsta programmas nosac\u012bjumi b\u016bvdarbiem daudzdz\u012bvok\u013cu m\u0101j\u0101s, to teritoriju labiek\u0101rto\u0161anai un daudzdz\u012bvok\u013cu m\u0101j\u0101m noteikto atsavin\u0101mo zemju izpirk\u0161anai\u201d, kas paredz veicin\u0101t finans\u0113juma pieejam\u012bbu tiem [&hellip;]","_links":{"self":[{"href":"https:\/\/daugavkrasts-m256.eu\/index.php?rest_route=\/wp\/v2\/pages\/879"}],"collection":[{"href":"https:\/\/daugavkrasts-m256.eu\/index.php?rest_route=\/wp\/v2\/pages"}],"about":[{"href":"https:\/\/daugavkrasts-m256.eu\/index.php?rest_route=\/wp\/v2\/types\/page"}],"author":[{"embeddable":true,"href":"https:\/\/daugavkrasts-m256.eu\/index.php?rest_route=\/wp\/v2\/users\/1"}],"replies":[{"embeddable":true,"href":"https:\/\/daugavkrasts-m256.eu\/index.php?rest_route=%2Fwp%2Fv2%2Fcomments&post=879"}],"version-history":[{"count":1,"href":"https:\/\/daugavkrasts-m256.eu\/index.php?rest_route=\/wp\/v2\/pages\/879\/revisions"}],"predecessor-version":[{"id":880,"href":"https:\/\/daugavkrasts-m256.eu\/index.php?rest_route=\/wp\/v2\/pages\/879\/revisions\/880"}],"wp:attachment":[{"href":"https:\/\/daugavkrasts-m256.eu\/index.php?rest_route=%2Fwp%2Fv2%2Fmedia&parent=879"}],"curies":[{"name":"wp","href":"https:\/\/api.w.org\/{rel}","templated":true}]}}