{"id":870,"date":"2024-10-03T15:50:29","date_gmt":"2024-10-03T12:50:29","guid":{"rendered":"https:\/\/daugavkrasts-m256.eu\/?page_id=870"},"modified":"2024-10-03T16:14:50","modified_gmt":"2024-10-03T13:14:50","slug":"altum","status":"publish","type":"page","link":"https:\/\/daugavkrasts-m256.eu\/?page_id=870","title":{"rendered":"ALTUM"},"content":{"rendered":"\n<p>AS \u201cAtt\u012bst\u012bbas finan\u0161u instit\u016bcija Altum\u201d ir Latvijas valstij piedero\u0161a kapit\u0101lsabiedr\u012bba, kas ar atbalsta finan\u0161u instrumentiem \u2013 aizdevumiem, garantij\u0101m un ieguld\u012bjumiem iesp\u0113jkapit\u0101la fondos \u2013 nodro\u0161ina finan\u0161u resursu pieejam\u012bbu uz\u0146\u0113mumiem un m\u0101jsaimniec\u012bb\u0101m, jom\u0101s, kuras valsts izvirz\u012bjusi k\u0101 atbalst\u0101mas un svar\u012bgas, t\u0101dej\u0101di veicinot tautsaimniec\u012bbas att\u012bst\u012bbu un sekm\u0113jot priv\u0101t\u0101 kapit\u0101la un finan\u0161u resursu mobiliz\u0113\u0161anu. Programmu \u012bsteno\u0161anai tiek izmantots Latvijas, Eiropas Savien\u012bbas fondu publiskais finans\u0113jums un ALTUM piesaist\u012btais finans\u0113jums no starptautiskaj\u0101m finan\u0161u instit\u016bcij\u0101m un kapit\u0101la tirgiem.<\/p>\n\n\n\n<p><strong><a href=\"https:\/\/daugavkrasts-m256.eu\/?page_id=868\">Daudzdz\u012bvok\u013cu m\u0101ju energoefektivit\u0101te &gt;&gt;<\/a><\/strong><\/p>\n\n\n\n<p><strong><a href=\"https:\/\/daugavkrasts-m256.eu\/?page_id=877\">Daudzdz\u012bvok\u013cu m\u0101ju remonta aizdevums &gt;&gt;<\/a><\/strong><\/p>\n\n\n\n<p><strong><a href=\"https:\/\/daugavkrasts-m256.eu\/?page_id=879\">Daudzdz\u012bvok\u013cu m\u0101jai noteikt\u0101s atsavin\u0101m\u0101s zemes izpirk\u0161anai >><\/a><\/strong><\/p>\n","protected":false},"excerpt":{"rendered":"<p>AS \u201cAtt\u012bst\u012bbas finan\u0161u instit\u016bcija Altum\u201d ir Latvijas valstij piedero\u0161a kapit\u0101lsabiedr\u012bba, kas ar atbalsta finan\u0161u instrumentiem \u2013 aizdevumiem, garantij\u0101m un ieguld\u012bjumiem iesp\u0113jkapit\u0101la fondos \u2013 nodro\u0161ina finan\u0161u resursu pieejam\u012bbu uz\u0146\u0113mumiem un m\u0101jsaimniec\u012bb\u0101m, jom\u0101s, kuras valsts izvirz\u012bjusi k\u0101 atbalst\u0101mas un svar\u012bgas, t\u0101dej\u0101di veicinot tautsaimniec\u012bbas att\u012bst\u012bbu un sekm\u0113jot priv\u0101t\u0101 kapit\u0101la un finan\u0161u resursu mobiliz\u0113\u0161anu. Programmu \u012bsteno\u0161anai tiek izmantots Latvijas, [&hellip;]<\/p>\n","protected":false},"author":1,"featured_media":0,"parent":0,"menu_order":0,"comment_status":"closed","ping_status":"closed","template":"","meta":{"footnotes":""},"featured_image_src":"","featured_image_src_square":false,"rbea_author_info":{"display_name":"Shuherman","author_link":"https:\/\/daugavkrasts-m256.eu\/?author=1"},"rbea_excerpt_info":"AS \u201cAtt\u012bst\u012bbas finan\u0161u instit\u016bcija Altum\u201d ir Latvijas valstij piedero\u0161a kapit\u0101lsabiedr\u012bba, kas ar atbalsta finan\u0161u instrumentiem \u2013 aizdevumiem, garantij\u0101m un ieguld\u012bjumiem iesp\u0113jkapit\u0101la fondos \u2013 nodro\u0161ina finan\u0161u resursu pieejam\u012bbu uz\u0146\u0113mumiem un m\u0101jsaimniec\u012bb\u0101m, jom\u0101s, kuras valsts izvirz\u012bjusi k\u0101 atbalst\u0101mas un svar\u012bgas, t\u0101dej\u0101di veicinot tautsaimniec\u012bbas att\u012bst\u012bbu un sekm\u0113jot priv\u0101t\u0101 kapit\u0101la un finan\u0161u resursu mobiliz\u0113\u0161anu. Programmu \u012bsteno\u0161anai tiek izmantots Latvijas, [&hellip;]","_links":{"self":[{"href":"https:\/\/daugavkrasts-m256.eu\/index.php?rest_route=\/wp\/v2\/pages\/870"}],"collection":[{"href":"https:\/\/daugavkrasts-m256.eu\/index.php?rest_route=\/wp\/v2\/pages"}],"about":[{"href":"https:\/\/daugavkrasts-m256.eu\/index.php?rest_route=\/wp\/v2\/types\/page"}],"author":[{"embeddable":true,"href":"https:\/\/daugavkrasts-m256.eu\/index.php?rest_route=\/wp\/v2\/users\/1"}],"replies":[{"embeddable":true,"href":"https:\/\/daugavkrasts-m256.eu\/index.php?rest_route=%2Fwp%2Fv2%2Fcomments&post=870"}],"version-history":[{"count":6,"href":"https:\/\/daugavkrasts-m256.eu\/index.php?rest_route=\/wp\/v2\/pages\/870\/revisions"}],"predecessor-version":[{"id":885,"href":"https:\/\/daugavkrasts-m256.eu\/index.php?rest_route=\/wp\/v2\/pages\/870\/revisions\/885"}],"wp:attachment":[{"href":"https:\/\/daugavkrasts-m256.eu\/index.php?rest_route=%2Fwp%2Fv2%2Fmedia&parent=870"}],"curies":[{"name":"wp","href":"https:\/\/api.w.org\/{rel}","templated":true}]}}