{"id":868,"date":"2024-10-03T15:48:17","date_gmt":"2024-10-03T12:48:17","guid":{"rendered":"https:\/\/daugavkrasts-m256.eu\/?page_id=868"},"modified":"2024-10-03T15:56:25","modified_gmt":"2024-10-03T12:56:25","slug":"daudzdzivoklu-maju-energoefektivitate","status":"publish","type":"page","link":"https:\/\/daugavkrasts-m256.eu\/?page_id=868","title":{"rendered":"Daudzdz\u012bvok\u013cu m\u0101ju energoefektivit\u0101te"},"content":{"rendered":"\n<p>Pirms uzs\u0101kt daudzdz\u012bvok\u013cu m\u0101ju atjauno\u0161anu ar Eiropas Savien\u012bbas fondu atbalstu, nereti \u2013 dz\u012bvok\u013cu \u012bpa\u0161niekiem ir daudz neskaidr\u012bbu un jaut\u0101jumu \u2013 ar ko s\u0101kt, cik ilgs b\u016bs process, cik tas izmaks\u0101s un citi jaut\u0101jumi.<\/p>\n\n\n\n<p><strong>Galvenie programmas nosac\u012bjumi:<\/strong><\/p>\n\n\n\n<p>\u012astenojam\u0101 projekta m\u0113r\u0137is ir sasniegt:<\/p>\n\n\n\n<ol>\n<li>Vismaz 30% prim\u0101r\u0101s ener\u0123ijas ietaup\u012bjumu;<\/li>\n\n\n\n<li>Uz katriem 5000 eiro renov\u0101cijas projekta attiecin\u0101mo izmaksu prim\u0101r\u0101s ener\u0123ijas ietaup\u012bjumu &#8212; 1MWh\/gad\u0101<\/li>\n<\/ol>\n\n\n\n<p>Atbalsta apjoms ir 49 % * no projekta attiecin\u0101maj\u0101m izmaks\u0101m bez PVN (tai skait\u0101 atbalsts tehnisk\u0101s dokument\u0101cijas sagatavo\u0161anai ne vair\u0101k k\u0101 10 000 EUR) \u2013 kapit\u0101la atlaides veid\u0101, kas tiek novirz\u012bts kred\u012btiest\u0101des aizdevuma pamatsummas samazin\u0101\u0161anai<\/p>\n\n\n\n<p>*daudzdz\u012bvok\u013cu m\u0101j\u0101, kur\u0101 visi dz\u012bvok\u013ca \u012bpa\u0161umi pieder vienam \u012bpa\u0161niekam \u2013 juridiskai personai vai fiziskai personai, kas ir re\u0123istr\u0113ta k\u0101 saimniecisk\u0101s darb\u012bbas veic\u0113js, maksim\u0101li pieejam\u0101 kapit\u0101la atlaide ir l\u012bdz 300 000<em> euro <\/em>(nep\u0101rsniedz <a rel=\"noreferrer noopener\" href=\"https:\/\/eur-lex.europa.eu\/eli\/reg\/2023\/2831\/oj\/?locale=LV\" target=\"_blank\">Komisijas Regulas 2023\/2831<\/a> par L\u012bguma par Eiropas Savien\u012bbas darb\u012bbu 107. un 108. panta piem\u0113ro\u0161anu <em>de minimis<\/em> atbalstam noteikto maksim\u0101lo <em>de minimis<\/em> atbalsta apm\u0113ru)<\/p>\n\n\n\n<p>Atbalsta apjoms ir 49 % * no projekta attiecin\u0101maj\u0101m izmaks\u0101m bez PVN (tai skait\u0101 atbalsts tehnisk\u0101s dokument\u0101cijas sagatavo\u0161anai ne vair\u0101k k\u0101 10 000 EUR) \u2013 kapit\u0101la atlaides veid\u0101, kas tiek novirz\u012bts kred\u012btiest\u0101des aizdevuma pamatsummas samazin\u0101\u0161anai<\/p>\n\n\n\n<p>*daudzdz\u012bvok\u013cu m\u0101j\u0101, kur\u0101 visi dz\u012bvok\u013ca \u012bpa\u0161umi pieder vienam \u012bpa\u0161niekam \u2013 juridiskai personai vai fiziskai personai, kas ir re\u0123istr\u0113ta k\u0101 saimniecisk\u0101s darb\u012bbas veic\u0113js, maksim\u0101li pieejam\u0101 kapit\u0101la atlaide ir l\u012bdz 300 000<em> euro <\/em>(nep\u0101rsniedz <a rel=\"noreferrer noopener\" href=\"https:\/\/eur-lex.europa.eu\/eli\/reg\/2023\/2831\/oj\/?locale=LV\" target=\"_blank\">Komisijas Regulas 2023\/2831<\/a> par L\u012bguma par Eiropas Savien\u012bbas darb\u012bbu 107. un 108. panta piem\u0113ro\u0161anu <em>de minimis<\/em> atbalstam noteikto maksim\u0101lo <em>de minimis<\/em> atbalsta apm\u0113ru).<\/p>\n\n\n\n<p><strong>Atbilst\u012bbas nosac\u012bjumi:<\/strong><\/p>\n\n\n\n<ul>\n<li>Daudzdz\u012bvok\u013cu m\u0101jai j\u0101atbilst programmas noteikumiem (<a rel=\"noreferrer noopener\" href=\"https:\/\/likumi.lv\/ta\/id\/334084-eiropas-savienibas-atveselosanas-un-noturibas-mehanisma-plana-1-2-reformu-un-investiciju-virziena-energoefektivitates-uzlabosana\" target=\"_blank\">MK noteikumi Nr.460<\/a>)<\/li>\n\n\n\n<li>J\u0101sagatavo \u0113kas energosertifik\u0101ts un \u0113kas pagaidu energosertifik\u0101ts \u2013 j\u0101noskaidro, vai projektu \u012bstenojot var sasniegt prim\u0101r\u0101s ener\u0123ijas ietaup\u012bjumu 30%<\/li>\n\n\n\n<li>P\u0113c \u0113kas energosertifik\u0101ta un \u0113kas pagaidu energosertifik\u0101ta ieg\u016b\u0161anas j\u0101nodro\u0161ina <a rel=\"noreferrer noopener\" href=\"https:\/\/www.altum.lv\/pakalpojumi\/iedzivotajiem\/daudzdzivoklu-maju-energoefektivitate-2022-2026?tab=2\" target=\"_blank\">tehnisk\u0101s dokument\u0101cijas<\/a> sagatavo\u0161ana<\/li>\n\n\n\n<li>J\u0101sasauc dz\u012bvok\u013cu \u012bpa\u0161nieku kopsapulci (nepiecie\u0161ami 50% + 1 balss vai 100%, ja m\u0101ja nav sadal\u012bta dz\u012bvok\u013cu \u012bpa\u0161umos)<\/li>\n\n\n\n<li>M\u0101jas par\u0101dsaist\u012bb\u0101m par sa\u0146emtajiem pakalpojumiem (apsaimnieko\u0161ana, atkritumi, siltumapg\u0101de, \u016bdens u.c. pakalpojumi) j\u0101b\u016bt maz\u0101k\u0101m par 10% no visu pakalpojumu r\u0113\u0137inu summas p\u0113d\u0113jo 12 m\u0113ne\u0161u laik\u0101<\/li>\n<\/ul>\n\n\n\n<p><strong>Iemesli daudzdz\u012bvok\u013cu m\u0101jas atjauno\u0161anai:<\/strong><\/p>\n\n\n\n<ul>\n<li>Iev\u0113rojami samazin\u0101s \u0113kas kop\u0113jais siltumener\u0123ijas pat\u0113ri\u0146\u0161<\/li>\n\n\n\n<li>B\u016btiski samazin\u0101s av\u0101rijas riski un uztur\u0113\u0161anas izmaksas<\/li>\n\n\n\n<li>Pieaug dz\u012bvok\u013ca \u012bpa\u0161uma v\u0113rt\u012bba<\/li>\n\n\n\n<li>M\u0101ja ieg\u016bst jaunu un modernu izskatu<\/li>\n<\/ul>\n\n\n\n<p><\/p>\n\n\n\n<p><\/p>\n\n\n\n<p><\/p>\n","protected":false},"excerpt":{"rendered":"<p>Pirms uzs\u0101kt daudzdz\u012bvok\u013cu m\u0101ju atjauno\u0161anu ar Eiropas Savien\u012bbas fondu atbalstu, nereti \u2013 dz\u012bvok\u013cu \u012bpa\u0161niekiem ir daudz neskaidr\u012bbu un jaut\u0101jumu \u2013 ar ko s\u0101kt, cik ilgs b\u016bs process, cik tas izmaks\u0101s un citi jaut\u0101jumi. Galvenie programmas nosac\u012bjumi: \u012astenojam\u0101 projekta m\u0113r\u0137is ir sasniegt: Atbalsta apjoms ir 49 % * no projekta attiecin\u0101maj\u0101m izmaks\u0101m bez PVN (tai skait\u0101 [&hellip;]<\/p>\n","protected":false},"author":1,"featured_media":0,"parent":0,"menu_order":0,"comment_status":"closed","ping_status":"closed","template":"","meta":{"footnotes":""},"featured_image_src":"","featured_image_src_square":false,"rbea_author_info":{"display_name":"Shuherman","author_link":"https:\/\/daugavkrasts-m256.eu\/?author=1"},"rbea_excerpt_info":"Pirms uzs\u0101kt daudzdz\u012bvok\u013cu m\u0101ju atjauno\u0161anu ar Eiropas Savien\u012bbas fondu atbalstu, nereti \u2013 dz\u012bvok\u013cu \u012bpa\u0161niekiem ir daudz neskaidr\u012bbu un jaut\u0101jumu \u2013 ar ko s\u0101kt, cik ilgs b\u016bs process, cik tas izmaks\u0101s un citi jaut\u0101jumi. Galvenie programmas nosac\u012bjumi: \u012astenojam\u0101 projekta m\u0113r\u0137is ir sasniegt: Atbalsta apjoms ir 49 % * no projekta attiecin\u0101maj\u0101m izmaks\u0101m bez PVN (tai skait\u0101 [&hellip;]","_links":{"self":[{"href":"https:\/\/daugavkrasts-m256.eu\/index.php?rest_route=\/wp\/v2\/pages\/868"}],"collection":[{"href":"https:\/\/daugavkrasts-m256.eu\/index.php?rest_route=\/wp\/v2\/pages"}],"about":[{"href":"https:\/\/daugavkrasts-m256.eu\/index.php?rest_route=\/wp\/v2\/types\/page"}],"author":[{"embeddable":true,"href":"https:\/\/daugavkrasts-m256.eu\/index.php?rest_route=\/wp\/v2\/users\/1"}],"replies":[{"embeddable":true,"href":"https:\/\/daugavkrasts-m256.eu\/index.php?rest_route=%2Fwp%2Fv2%2Fcomments&post=868"}],"version-history":[{"count":2,"href":"https:\/\/daugavkrasts-m256.eu\/index.php?rest_route=\/wp\/v2\/pages\/868\/revisions"}],"predecessor-version":[{"id":874,"href":"https:\/\/daugavkrasts-m256.eu\/index.php?rest_route=\/wp\/v2\/pages\/868\/revisions\/874"}],"wp:attachment":[{"href":"https:\/\/daugavkrasts-m256.eu\/index.php?rest_route=%2Fwp%2Fv2%2Fmedia&parent=868"}],"curies":[{"name":"wp","href":"https:\/\/api.w.org\/{rel}","templated":true}]}}