{"id":806,"date":"2024-02-03T23:15:41","date_gmt":"2024-02-03T20:15:41","guid":{"rendered":"https:\/\/daugavkrasts-m256.eu\/?page_id=806"},"modified":"2024-10-03T15:55:05","modified_gmt":"2024-10-03T12:55:05","slug":"lidzfinansejumi","status":"publish","type":"page","link":"https:\/\/daugavkrasts-m256.eu\/?page_id=806","title":{"rendered":"L\u012aDZFINANS\u0112JUMI"},"content":{"rendered":"\n<p><strong><a href=\"https:\/\/daugavkrasts-m256.eu\/?page_id=870\">ALTUM<\/a><\/strong> &#8212; AS \u201cAtt\u012bst\u012bbas finan\u0161u instit\u016bcija Altum\u201d ir Latvijas valstij piedero\u0161a kapit\u0101lsabiedr\u012bba, kas ar atbalsta finan\u0161u instrumentiem<\/p>\n","protected":false},"excerpt":{"rendered":"<p>ALTUM &#8212; AS \u201cAtt\u012bst\u012bbas finan\u0161u instit\u016bcija Altum\u201d ir Latvijas valstij piedero\u0161a kapit\u0101lsabiedr\u012bba, kas ar atbalsta finan\u0161u instrumentiem<\/p>\n","protected":false},"author":1,"featured_media":0,"parent":0,"menu_order":0,"comment_status":"closed","ping_status":"closed","template":"","meta":{"footnotes":""},"featured_image_src":"","featured_image_src_square":false,"rbea_author_info":{"display_name":"Shuherman","author_link":"https:\/\/daugavkrasts-m256.eu\/?author=1"},"rbea_excerpt_info":"ALTUM &#8212; AS \u201cAtt\u012bst\u012bbas finan\u0161u instit\u016bcija Altum\u201d ir Latvijas valstij piedero\u0161a kapit\u0101lsabiedr\u012bba, kas ar atbalsta finan\u0161u instrumentiem","_links":{"self":[{"href":"https:\/\/daugavkrasts-m256.eu\/index.php?rest_route=\/wp\/v2\/pages\/806"}],"collection":[{"href":"https:\/\/daugavkrasts-m256.eu\/index.php?rest_route=\/wp\/v2\/pages"}],"about":[{"href":"https:\/\/daugavkrasts-m256.eu\/index.php?rest_route=\/wp\/v2\/types\/page"}],"author":[{"embeddable":true,"href":"https:\/\/daugavkrasts-m256.eu\/index.php?rest_route=\/wp\/v2\/users\/1"}],"replies":[{"embeddable":true,"href":"https:\/\/daugavkrasts-m256.eu\/index.php?rest_route=%2Fwp%2Fv2%2Fcomments&post=806"}],"version-history":[{"count":3,"href":"https:\/\/daugavkrasts-m256.eu\/index.php?rest_route=\/wp\/v2\/pages\/806\/revisions"}],"predecessor-version":[{"id":873,"href":"https:\/\/daugavkrasts-m256.eu\/index.php?rest_route=\/wp\/v2\/pages\/806\/revisions\/873"}],"wp:attachment":[{"href":"https:\/\/daugavkrasts-m256.eu\/index.php?rest_route=%2Fwp%2Fv2%2Fmedia&parent=806"}],"curies":[{"name":"wp","href":"https:\/\/api.w.org\/{rel}","templated":true}]}}