{"id":678,"date":"2023-09-22T15:56:53","date_gmt":"2023-09-22T12:56:53","guid":{"rendered":"https:\/\/daugavkrasts-m256.eu\/?page_id=678"},"modified":"2024-10-14T21:50:11","modified_gmt":"2024-10-14T18:50:11","slug":"par-autotransporta-caurlaidem","status":"publish","type":"page","link":"https:\/\/daugavkrasts-m256.eu\/?page_id=678","title":{"rendered":"Par autotransporta st\u0101v\u0113\u0161anas caurlaid\u0113m"},"content":{"rendered":"\n<p><strong><mark style=\"background-color:rgba(0, 0, 0, 0)\" class=\"has-inline-color has-vivid-cyan-blue-color\"><strong>Transportl\u012bdzek\u013ca at\u013caujas izmanto\u0161anas noteikumi:<\/strong><\/mark><\/strong><\/p>\n\n\n\n<p>At\u013cauja paredz\u0113ta transportl\u012bdzek\u013ca iebrauk\u0161anai un st\u0101v\u0113\u0161anai konkr\u0113tas dz\u012bvojam\u0101s m\u0101jas piesaist\u012btaj\u0101 teritorij\u0101, kuras adrese ir nor\u0101d\u012bta at\u013cauj\u0101.<\/p>\n\n\n\n<ol>\n<li>At\u013caujas izgatavo\u0161ana un izsnieg\u0161ana ir SIA \u201cDaugavkrasts M-256\u201d maksas pakalpojums, kura izmaksas ir noteiktas atbilsto\u0161i SIA \u201cDaugavkarasts M-256\u201d apstiprin\u0101tajam pakalpojuma cenr\u0101dim;<\/li>\n\n\n\n<li>At\u013cauja tiek izsniegta ar der\u012bguma termi\u0146u 1 gads;<\/li>\n\n\n\n<li>At\u013cauja transportl\u012bdzekl\u012b j\u0101novieto aiz priek\u0161\u0113j\u0101 v\u0113jstikla t\u0101, lai b\u016btu redzama at\u013caujas hologramma, der\u012bguma termi\u0146\u0161 un adrese, kuras piesaist\u012bt\u0101 teritorij\u0101 at\u013cauts iebraukt un novietot transportl\u012bdzekli.<\/li>\n<\/ol>\n\n\n\n<p>At\u013cauja ir SIA \u201cDaugavkrasts M-256\u201d izgatavots un izsniegts dokuments, par kura vilto\u0161anu iest\u0101jas krimin\u0101latbild\u012bba atbilsto\u0161i Krimin\u0101llikuma 275.pantam.<\/p>\n\n\n\n<p>Gad\u012bjum\u0101, ja at\u013cauja t\u0101s der\u012bguma termi\u0146a laik\u0101 nozaud\u0113ta, j\u0101iesniedz atk\u0101rtots pieteikums par at\u013caujas izsnieg\u0161anu \u2013 tiek izgatavota jauna at\u013cauja, nor\u0101dot t\u0101du pa\u0161u transportl\u012bdzek\u013ca valsts re\u0123istr\u0101cijas numuru, der\u012bguma termi\u0146u ar jaunu at\u013caujas re\u0123istr\u0101cijas numuru. Par atk\u0101rtotas at\u013caujas izgatavo\u0161anu tiek apr\u0113\u0137in\u0101ta maksa par atk\u0101rtotu at\u013caujas izgatavo\u0161anu saska\u0146\u0101 ar maksas pakalpojumu cenr\u0101di.<\/p>\n\n\n\n<p>At\u013cauja tiek izgatavota 2 darba dienu laik\u0101 no pieteikuma sa\u0146em\u0161anas\/re\u0123istr\u0113\u0161anas dienas.<\/p>\n\n\n\n<p>Lai pieteikties at\u013caujas sa\u0146em\u0161anai ir iesniedzami sekojo\u0161ie dokumenti:<\/p>\n\n\n\n<ul>\n<li>personas pase vai ID karte;<\/li>\n\n\n\n<li>dz\u012bvok\u013ca \u012bpa\u0161uma ties\u012bbas, \u012bres vai nomas ties\u012bbas apliecino\u0161us dokumentus;<\/li>\n\n\n\n<li>transportl\u012bdzek\u013ca re\u0123istr\u0101cijas apliec\u012bbu.<\/li>\n<\/ul>\n\n\n\n<p>At\u013caujas piepras\u012b\u0161anai klientam j\u0101aizpilda pieteikuma veidlapa\u00a0un j\u0101iesniedz to elektroniski nos\u016btot,\u00a0parakst\u012btu ar dro\u0161u elektronisko parakstu, uz m\u016bsu e-pasta adresi: <strong><a href=\"mailto:info@daugavkrasts_m256.eu\"><strong>info@daugavkrasts_m256.eu<\/strong><\/a><\/strong><\/p>\n\n\n\n<p>Maksa par at\u013caujas izgatavo\u0161anu:<\/p>\n\n\n\n<figure class=\"wp-block-table\"><table><tbody><tr><td><strong>Pakalpojums<\/strong><\/td><td><strong>M\u0113rvien\u012bba<\/strong><\/td><td><strong>Cena bez PVN (EUR)<\/strong><\/td><\/tr><tr><td>&nbsp;Fiziskai personai<\/td><td>par vienu transportl\u012bdzekli<\/td><td>10.00<\/td><\/tr><tr><td>&nbsp;Juridiskai personai<\/td><td>par vienu transportl\u012bdzekli<\/td><td>25.00<\/td><\/tr><\/tbody><\/table><\/figure>\n\n\n\n<p>Lai pagarin\u0101tu transportl\u012bdzek\u013ca iebrauk\u0161anas un st\u0101v\u0113\u0161anas at\u013cauju, j\u0101aizpilda iesniegums par transportl\u012bdzek\u013cu iebrauk\u0161anas un st\u0101v\u0113\u0161anas at\u013caujas izgatavo\u0161anu un tas j\u0101iesniedz:<\/p>\n\n\n\n<ul>\n<li>s\u016btot uz e-pastu: <strong><a href=\"mailto:info@daugavkrasts_m256.eu\"><strong>info@daugavkrasts_m256.eu<\/strong><\/a><\/strong>, nor\u0101dot ar\u012b t\u0101lru\u0146a nr. sazi\u0146ai ar Jums;<\/li>\n\n\n\n<li>atst\u0101jot dokumentus \u016bdens skait\u012bt\u0101ju r\u0101d\u012bjumu nodo\u0161anai paredz\u0113t\u0101 pastkast\u0113 dz\u012bvojam\u0101s m\u0101jas kap\u0146u telp\u0101 pirmaj\u0101 st\u0101v\u0101, nor\u0101dot ar\u012b t\u0101lru\u0146a Nr. sazi\u0146ai ar Jums.<\/li>\n<\/ul>\n\n\n\n<p>At\u013cauju var iz\u0146emt tikai dz\u012bvok\u013ca \u012bpa\u0161uma \u012bpa\u0161nieks, l\u012bdzi \u0146emot personu apliecino\u0161u dokumentu, vai pilnvarot\u0101 persona, l\u012bdzi \u0146emot personu apliecino\u0161u dokumentu un pilnvaru.<\/p>\n","protected":false},"excerpt":{"rendered":"<p>Transportl\u012bdzek\u013ca at\u013caujas izmanto\u0161anas noteikumi: At\u013cauja paredz\u0113ta transportl\u012bdzek\u013ca iebrauk\u0161anai un st\u0101v\u0113\u0161anai konkr\u0113tas dz\u012bvojam\u0101s m\u0101jas piesaist\u012btaj\u0101 teritorij\u0101, kuras adrese ir nor\u0101d\u012bta at\u013cauj\u0101. At\u013cauja ir SIA \u201cDaugavkrasts M-256\u201d izgatavots un izsniegts dokuments, par kura vilto\u0161anu iest\u0101jas krimin\u0101latbild\u012bba atbilsto\u0161i Krimin\u0101llikuma 275.pantam. Gad\u012bjum\u0101, ja at\u013cauja t\u0101s der\u012bguma termi\u0146a laik\u0101 nozaud\u0113ta, j\u0101iesniedz atk\u0101rtots pieteikums par at\u013caujas izsnieg\u0161anu \u2013 tiek izgatavota jauna [&hellip;]<\/p>\n","protected":false},"author":1,"featured_media":786,"parent":665,"menu_order":4,"comment_status":"closed","ping_status":"closed","template":"","meta":{"footnotes":""},"featured_image_src":"https:\/\/daugavkrasts-m256.eu\/wp-content\/uploads\/2024\/02\/PARKING.png","featured_image_src_square":"https:\/\/daugavkrasts-m256.eu\/wp-content\/uploads\/2024\/02\/PARKING.png","rbea_author_info":{"display_name":"Shuherman","author_link":"https:\/\/daugavkrasts-m256.eu\/?author=1"},"rbea_excerpt_info":"Transportl\u012bdzek\u013ca at\u013caujas izmanto\u0161anas noteikumi: At\u013cauja paredz\u0113ta transportl\u012bdzek\u013ca iebrauk\u0161anai un st\u0101v\u0113\u0161anai konkr\u0113tas dz\u012bvojam\u0101s m\u0101jas piesaist\u012btaj\u0101 teritorij\u0101, kuras adrese ir nor\u0101d\u012bta at\u013cauj\u0101. At\u013cauja ir SIA \u201cDaugavkrasts M-256\u201d izgatavots un izsniegts dokuments, par kura vilto\u0161anu iest\u0101jas krimin\u0101latbild\u012bba atbilsto\u0161i Krimin\u0101llikuma 275.pantam. Gad\u012bjum\u0101, ja at\u013cauja t\u0101s der\u012bguma termi\u0146a laik\u0101 nozaud\u0113ta, j\u0101iesniedz atk\u0101rtots pieteikums par at\u013caujas izsnieg\u0161anu \u2013 tiek izgatavota jauna [&hellip;]","_links":{"self":[{"href":"https:\/\/daugavkrasts-m256.eu\/index.php?rest_route=\/wp\/v2\/pages\/678"}],"collection":[{"href":"https:\/\/daugavkrasts-m256.eu\/index.php?rest_route=\/wp\/v2\/pages"}],"about":[{"href":"https:\/\/daugavkrasts-m256.eu\/index.php?rest_route=\/wp\/v2\/types\/page"}],"author":[{"embeddable":true,"href":"https:\/\/daugavkrasts-m256.eu\/index.php?rest_route=\/wp\/v2\/users\/1"}],"replies":[{"embeddable":true,"href":"https:\/\/daugavkrasts-m256.eu\/index.php?rest_route=%2Fwp%2Fv2%2Fcomments&post=678"}],"version-history":[{"count":9,"href":"https:\/\/daugavkrasts-m256.eu\/index.php?rest_route=\/wp\/v2\/pages\/678\/revisions"}],"predecessor-version":[{"id":925,"href":"https:\/\/daugavkrasts-m256.eu\/index.php?rest_route=\/wp\/v2\/pages\/678\/revisions\/925"}],"up":[{"embeddable":true,"href":"https:\/\/daugavkrasts-m256.eu\/index.php?rest_route=\/wp\/v2\/pages\/665"}],"wp:featuredmedia":[{"embeddable":true,"href":"https:\/\/daugavkrasts-m256.eu\/index.php?rest_route=\/wp\/v2\/media\/786"}],"wp:attachment":[{"href":"https:\/\/daugavkrasts-m256.eu\/index.php?rest_route=%2Fwp%2Fv2%2Fmedia&parent=678"}],"curies":[{"name":"wp","href":"https:\/\/api.w.org\/{rel}","templated":true}]}}