{"id":665,"date":"2023-09-22T14:47:02","date_gmt":"2023-09-22T11:47:02","guid":{"rendered":"https:\/\/daugavkrasts-m256.eu\/?page_id=665"},"modified":"2024-02-02T02:10:02","modified_gmt":"2024-02-01T23:10:02","slug":"noderigi","status":"publish","type":"page","link":"https:\/\/daugavkrasts-m256.eu\/?page_id=665","title":{"rendered":"NODER\u012aGI"},"content":{"rendered":"\n<p class=\"has-text-align-left\"><img decoding=\"async\" loading=\"lazy\" width=\"500\" height=\"375\" class=\"wp-image-783\" style=\"width: 150px;\" src=\"https:\/\/daugavkrasts-m256.eu\/wp-content\/uploads\/2024\/02\/pic1947b2eb.jpg\" alt=\"\" srcset=\"https:\/\/daugavkrasts-m256.eu\/wp-content\/uploads\/2024\/02\/pic1947b2eb.jpg 500w, https:\/\/daugavkrasts-m256.eu\/wp-content\/uploads\/2024\/02\/pic1947b2eb-300x225.jpg 300w\" sizes=\"(max-width: 500px) 100vw, 500px\" \/> <strong><a href=\"https:\/\/daugavkrasts-m256.eu\/?page_id=658\">\u016adens pat\u0113ri\u0146a skait\u012bt\u0101ju nomai\u0146a<\/a> >> <\/strong><\/p>\n\n\n\n<p><img decoding=\"async\" loading=\"lazy\" width=\"263\" height=\"264\" class=\"wp-image-786\" style=\"width: 150px;\" src=\"https:\/\/daugavkrasts-m256.eu\/wp-content\/uploads\/2024\/02\/PARKING.png\" alt=\"\" srcset=\"https:\/\/daugavkrasts-m256.eu\/wp-content\/uploads\/2024\/02\/PARKING.png 263w, https:\/\/daugavkrasts-m256.eu\/wp-content\/uploads\/2024\/02\/PARKING-150x150.png 150w\" sizes=\"(max-width: 263px) 100vw, 263px\" \/><strong><a href=\"https:\/\/daugavkrasts-m256.eu\/?page_id=678\">Par autotransporta st\u0101v\u0113\u0161anas caurlaid\u0113m<\/a> >><\/strong><\/p>\n","protected":false},"excerpt":{"rendered":"<p>\u016adens pat\u0113ri\u0146a skait\u012bt\u0101ju nomai\u0146a >> Par autotransporta st\u0101v\u0113\u0161anas caurlaid\u0113m >><\/p>\n","protected":false},"author":1,"featured_media":0,"parent":0,"menu_order":8,"comment_status":"closed","ping_status":"closed","template":"","meta":{"footnotes":""},"featured_image_src":"","featured_image_src_square":false,"rbea_author_info":{"display_name":"Shuherman","author_link":"https:\/\/daugavkrasts-m256.eu\/?author=1"},"rbea_excerpt_info":"\u016adens pat\u0113ri\u0146a skait\u012bt\u0101ju nomai\u0146a >> Par autotransporta st\u0101v\u0113\u0161anas caurlaid\u0113m >>","_links":{"self":[{"href":"https:\/\/daugavkrasts-m256.eu\/index.php?rest_route=\/wp\/v2\/pages\/665"}],"collection":[{"href":"https:\/\/daugavkrasts-m256.eu\/index.php?rest_route=\/wp\/v2\/pages"}],"about":[{"href":"https:\/\/daugavkrasts-m256.eu\/index.php?rest_route=\/wp\/v2\/types\/page"}],"author":[{"embeddable":true,"href":"https:\/\/daugavkrasts-m256.eu\/index.php?rest_route=\/wp\/v2\/users\/1"}],"replies":[{"embeddable":true,"href":"https:\/\/daugavkrasts-m256.eu\/index.php?rest_route=%2Fwp%2Fv2%2Fcomments&post=665"}],"version-history":[{"count":4,"href":"https:\/\/daugavkrasts-m256.eu\/index.php?rest_route=\/wp\/v2\/pages\/665\/revisions"}],"predecessor-version":[{"id":788,"href":"https:\/\/daugavkrasts-m256.eu\/index.php?rest_route=\/wp\/v2\/pages\/665\/revisions\/788"}],"wp:attachment":[{"href":"https:\/\/daugavkrasts-m256.eu\/index.php?rest_route=%2Fwp%2Fv2%2Fmedia&parent=665"}],"curies":[{"name":"wp","href":"https:\/\/api.w.org\/{rel}","templated":true}]}}