{"id":658,"date":"2023-09-22T14:42:09","date_gmt":"2023-09-22T11:42:09","guid":{"rendered":"https:\/\/daugavkrasts-m256.eu\/?page_id=658"},"modified":"2024-02-02T02:02:15","modified_gmt":"2024-02-01T23:02:15","slug":"udens-paterina-skaititaju-nomaina","status":"publish","type":"page","link":"https:\/\/daugavkrasts-m256.eu\/?page_id=658","title":{"rendered":"\u016adens pat\u0113ri\u0146a skait\u012bt\u0101ju nomai\u0146a"},"content":{"rendered":"\n<p>P\u0113c individu\u0101lo \u016bdens pat\u0113ri\u0146a skait\u012bt\u0101ju (\u016aPS) nomai\u0146as\/verific\u0113\u0161anas, lai dati sist\u0113m\u0101 tiktu nomain\u012bti, aicin\u0101m dokumentus iesniegt korekti:<\/p>\n\n\n\n<ol>\n<li>Nomai\u0146as aktu un sertifik\u0101tus nofotogr\u0101f\u0113t atsevi\u0161\u0137i \u2013 viens dokuments k\u0101 viens pielikums (vien\u0101 fotogr\u0101fij\u0101 nedr\u012bkst b\u016bt gan nomai\u0146as akts, gan \u016aPS sertifik\u0101ti). Var izmantot aplik\u0101ciju, piem\u0113ram, Adobe Scan, kas ir bez maksas, lai dokumentus nofotograf\u0113tu k\u0101 PDF failus;<\/li>\n\n\n\n<li>P\u0101rliecinies, ka inform\u0101cija uz nomai\u0146as akta un \u016aPS sertifik\u0101tiem ir skaidri izlas\u0101ma;<\/li>\n\n\n\n<li>Pirms pievieno failus e-pastam, p\u0101rliecinies, ka tie ir k\u0101d\u0101 no \u0161iem form\u0101tiem \u2013 .pdf, .jpg, jpeg, .bmp vai .png (citi form\u0101ti netiks pie\u0146emti);<\/li>\n\n\n\n<li>Visus failus pievieno viena e-pasta pielikum\u0101. \u016aPS nomai\u0146as\/verific\u0113\u0161anas dokumenti netiks pie\u0146emti, ja tie tiks s\u016bt\u012bti atsevi\u0161\u0137i, k\u0101 ar\u012b tie nedr\u012bkst b\u016bt arhiv\u0113ti (.zip vai .7z) vai apvienoti vien\u0101 map\u0113, vai aug\u0161upiel\u0101d\u0113ti k\u0101d\u0101 no datu glab\u0101\u0161anas vietn\u0113m (piem\u0113ram, Failiem.lv, Google Drive u.c.);<\/li>\n\n\n\n<li>Pirms izs\u016bti e-pastu, p\u0101rliecinies, ka visi dokumenti ir pievienoti!<\/li>\n<\/ol>\n\n\n\n<p>Aicin\u0101m \u016aPS nomai\u0146as dokumentus iesniegt savlaic\u012bgi! \u016aPS nomai\u0146as\/verifik\u0101cijas aktu un skait\u012bt\u0101ju sertifik\u0101tus j\u0101iesniedz:<\/p>\n\n\n\n<ul>\n<li>s\u016btot uz e-pastu: <a href=\"mailto:info@daugavkrasts-m256.eu\"><strong>info@daugavkrasts-m256.eu<\/strong><\/a>, nor\u0101dot ar\u012b t\u0101lru\u0146a Nr. sazi\u0146ai ar Jums;<\/li>\n\n\n\n<li>atst\u0101jot dokumentus \u016bdens skait\u012bt\u0101ju r\u0101d\u012bjumu nodo\u0161anai paredz\u0113t\u0101 pastkast\u0113 dz\u012bvojam\u0101s m\u0101jas kap\u0146u telp\u0101 pirmaj\u0101 st\u0101v\u0101, nor\u0101dot ar\u012b t\u0101lru\u0146a Nr. sazi\u0146ai ar Jums.<\/li>\n<\/ul>\n\n\n\n<p><\/p>\n","protected":false},"excerpt":{"rendered":"<p>P\u0113c individu\u0101lo \u016bdens pat\u0113ri\u0146a skait\u012bt\u0101ju (\u016aPS) nomai\u0146as\/verific\u0113\u0161anas, lai dati sist\u0113m\u0101 tiktu nomain\u012bti, aicin\u0101m dokumentus iesniegt korekti: Aicin\u0101m \u016aPS nomai\u0146as dokumentus iesniegt savlaic\u012bgi! \u016aPS nomai\u0146as\/verifik\u0101cijas aktu un skait\u012bt\u0101ju sertifik\u0101tus j\u0101iesniedz:<\/p>\n","protected":false},"author":1,"featured_media":783,"parent":665,"menu_order":2,"comment_status":"closed","ping_status":"closed","template":"","meta":{"footnotes":""},"featured_image_src":"https:\/\/daugavkrasts-m256.eu\/wp-content\/uploads\/2024\/02\/pic1947b2eb.jpg","featured_image_src_square":"https:\/\/daugavkrasts-m256.eu\/wp-content\/uploads\/2024\/02\/pic1947b2eb.jpg","rbea_author_info":{"display_name":"Shuherman","author_link":"https:\/\/daugavkrasts-m256.eu\/?author=1"},"rbea_excerpt_info":"P\u0113c individu\u0101lo \u016bdens pat\u0113ri\u0146a skait\u012bt\u0101ju (\u016aPS) nomai\u0146as\/verific\u0113\u0161anas, lai dati sist\u0113m\u0101 tiktu nomain\u012bti, aicin\u0101m dokumentus iesniegt korekti: Aicin\u0101m \u016aPS nomai\u0146as dokumentus iesniegt savlaic\u012bgi! \u016aPS nomai\u0146as\/verifik\u0101cijas aktu un skait\u012bt\u0101ju sertifik\u0101tus j\u0101iesniedz:","_links":{"self":[{"href":"https:\/\/daugavkrasts-m256.eu\/index.php?rest_route=\/wp\/v2\/pages\/658"}],"collection":[{"href":"https:\/\/daugavkrasts-m256.eu\/index.php?rest_route=\/wp\/v2\/pages"}],"about":[{"href":"https:\/\/daugavkrasts-m256.eu\/index.php?rest_route=\/wp\/v2\/types\/page"}],"author":[{"embeddable":true,"href":"https:\/\/daugavkrasts-m256.eu\/index.php?rest_route=\/wp\/v2\/users\/1"}],"replies":[{"embeddable":true,"href":"https:\/\/daugavkrasts-m256.eu\/index.php?rest_route=%2Fwp%2Fv2%2Fcomments&post=658"}],"version-history":[{"count":3,"href":"https:\/\/daugavkrasts-m256.eu\/index.php?rest_route=\/wp\/v2\/pages\/658\/revisions"}],"predecessor-version":[{"id":690,"href":"https:\/\/daugavkrasts-m256.eu\/index.php?rest_route=\/wp\/v2\/pages\/658\/revisions\/690"}],"up":[{"embeddable":true,"href":"https:\/\/daugavkrasts-m256.eu\/index.php?rest_route=\/wp\/v2\/pages\/665"}],"wp:featuredmedia":[{"embeddable":true,"href":"https:\/\/daugavkrasts-m256.eu\/index.php?rest_route=\/wp\/v2\/media\/783"}],"wp:attachment":[{"href":"https:\/\/daugavkrasts-m256.eu\/index.php?rest_route=%2Fwp%2Fv2%2Fmedia&parent=658"}],"curies":[{"name":"wp","href":"https:\/\/api.w.org\/{rel}","templated":true}]}}